{"id":2,"date":"2023-03-07T07:12:06","date_gmt":"2023-03-07T06:12:06","guid":{"rendered":"https:\/\/www.priener-reifen.de\/wordpress\/?page_id=2"},"modified":"2023-03-14T15:46:50","modified_gmt":"2023-03-14T14:46:50","slug":"service","status":"publish","type":"page","link":"https:\/\/www.priener-reifen.de\/?page_id=2","title":{"rendered":"Unser Service f\u00fcr Sie!"},"content":{"rendered":"\n<figure class=\"wp-block-table is-style-stripes\" style=\"font-size:16px\">\n<table><tr valign=top>\n<td><\/td><td><strong>Achsvermessung<\/strong><br>F&uuml;r jedes Fahrzeug Pflicht, wenn sich Reifen einseitig abgelaufen sind.<\/td><td><\/td><td class=\"has-text-align-left\" data-align=\"left\"><strong>Altreifenentsorgung<\/strong><br>Wir entsorgen Ihre Altreifen.<\/td><\/tr>\n<tr valign=top><td><\/td><td><strong>Auspuffservice<\/strong><br>Wir bieten f\u00fcr s&auml;mtliche Fahrzeuge unseren Auspuffservice an.<\/td><td><\/td><td class=\"has-text-align-left\" data-align=\"left\"><strong>Batterieservice<\/strong><br>Wir wechseln und testen Ihre Fahrzeug-Batterie.<\/td><\/tr>\n<tr valign=top><td><\/td><td><strong>&Ouml;lwechsel<\/strong><br>Der Schmierstoff zum Schutz Ihres Motors.<\/td><td><\/td><td class=\"has-text-align-left\" data-align=\"left\"><strong>Sto&szlig;d&auml;mpfer<\/strong><br>Defekte Sto&szlig;d&auml;pfer gef&auml;hrden nicht nur Sie, sondern auch die anderen Verkehrsteilnehmer.<\/td><\/tr>\n<tr valign=top><td><\/td><td><strong>T&uuml;V\/AU<\/strong><br>T&uuml;V\/AU-Abnahme und Checkup, vor der Untersuchung, wird bei uns durchgef&uuml;hrt<\/td><td><\/td><td class=\"has-text-align-left\" data-align=\"left\"><strong>Bremsenservice<\/strong><br>Wir pr&uuml;fen Ihre Bremsbel&auml;ge und -scheiben auf Verschlei&szlig; und tauschen diese im Bedarfsfall auch aus.<\/td><\/tr>\n<tr valign=top><td><\/td><td><strong>Radwechsel<\/strong><br>Ob PKW, LKW, usw., kein Problem bei uns. Wir &uuml;berpr&uuml;fen Ihre Reifen auf Sch\u00e4den und Verschlei&szlig;.<\/td><td><\/td><td class=\"has-text-align-left\" data-align=\"left\"><strong>Feinwuchten der R&auml;der<\/strong><br>Damit Ihre Reifen sicherer und ruhiger laufen.<\/td><\/tr>\n<tr  valign=top><td><\/td><td><strong>Radw&auml;sche<\/strong><br>Maschinelle und Umweltschonende W&auml;sche der R&auml;der.<\/td><td><\/td><td class=\"has-text-align-left\" data-align=\"left\"><strong>Einlagerung der R&auml;der<\/strong><br>Sparen Sie Platz! Wir lagern Ihre Saison-R&auml;der ein, solange wir Platz haben.<\/td><\/tr>\n<tr valign=top><td><\/td><td><strong>Inspektion und Wartung<\/strong><br>Alle Marken nach Herstellervorgaben.<\/td><td><\/td><td class=\"has-text-align-left\" data-align=\"left\"><strong>KFZ &#8211; Zubeh&ouml;r und Ersatzteile<\/strong><br>Zubeh&ouml;r und Ersatzteile als Original oder aus dem Zubeh&#038;ourhandel.<\/td><\/tr>\n<tr valign=top><td><\/td><td><strong>Fahrwerkstechnik<\/strong><br>F\u00fcr PKW&#8217;s aller Hersteller. Fahrwerke, Federn, Gewindefahrwerke von f\u00fchrenden Herstellern.<\/td><td><\/td><td class=\"has-text-align-left\" data-align=\"left\"><strong>Diagnose<\/strong><br>Sichere Fehlersuche mit Diagnoseger&auml;ten.<\/td><\/tr><\/tbody><\/table><\/figure>\n\n\n\n<p><\/p>\n\n\n\n<p>Bei der Auswahl Ihrer neuen Reifen stehen wir Ihnen gerne beratend zur Seite.<\/p>\n\n\n\n<p>Wir f\u00fchren alle Reifen bis der f\u00fchrenden Herstellen in allen Gr\u00f6\u00dfen und finden f\u00fcr Sie<br>und Ihren Fahrstil das passende Reifenprofil.<\/p>\n\n\n\n<p>Entscheiden Sie sich jetzt f\u00fcr ein Komplettrad bestehend aus Reifen und Felgen. Das erspart Ihnen nicht nur die Kosten bei der Montage, sondern es schont auch das Material und ist zum Teil g\u00fcnstiger als der Einzelkauf.<\/p>\n","protected":false},"excerpt":{"rendered":"<p>AchsvermessungF&uuml;r jedes Fahrzeug Pflicht, wenn sich Reifen einseitig abgelaufen sind. AltreifenentsorgungWir entsorgen Ihre Altreifen. AuspuffserviceWir bieten f\u00fcr s&auml;mtliche Fahrzeuge unseren Auspuffservice an. BatterieserviceWir wechseln und testen Ihre Fahrzeug-Batterie. &Ouml;lwechselDer Schmierstoff zum Schutz Ihres Motors. Sto&szlig;d&auml;mpferDefekte Sto&szlig;d&auml;pfer gef&auml;hrden nicht nur Sie, sondern auch die anderen Verkehrsteilnehmer. T&uuml;V\/AUT&uuml;V\/AU-Abnahme und Checkup, vor der Untersuchung, wird bei uns durchgef&uuml;hrt [&hellip;]<\/p>\n","protected":false},"author":1,"featured_media":0,"parent":0,"menu_order":0,"comment_status":"closed","ping_status":"closed","template":"","meta":{"footnotes":""},"class_list":["post-2","page","type-page","status-publish","hentry"],"_links":{"self":[{"href":"https:\/\/www.priener-reifen.de\/index.php?rest_route=\/wp\/v2\/pages\/2","targetHints":{"allow":["GET"]}}],"collection":[{"href":"https:\/\/www.priener-reifen.de\/index.php?rest_route=\/wp\/v2\/pages"}],"about":[{"href":"https:\/\/www.priener-reifen.de\/index.php?rest_route=\/wp\/v2\/types\/page"}],"author":[{"embeddable":true,"href":"https:\/\/www.priener-reifen.de\/index.php?rest_route=\/wp\/v2\/users\/1"}],"replies":[{"embeddable":true,"href":"https:\/\/www.priener-reifen.de\/index.php?rest_route=%2Fwp%2Fv2%2Fcomments&post=2"}],"version-history":[{"count":13,"href":"https:\/\/www.priener-reifen.de\/index.php?rest_route=\/wp\/v2\/pages\/2\/revisions"}],"predecessor-version":[{"id":113,"href":"https:\/\/www.priener-reifen.de\/index.php?rest_route=\/wp\/v2\/pages\/2\/revisions\/113"}],"wp:attachment":[{"href":"https:\/\/www.priener-reifen.de\/index.php?rest_route=%2Fwp%2Fv2%2Fmedia&parent=2"}],"curies":[{"name":"wp","href":"https:\/\/api.w.org\/{rel}","templated":true}]}}